{"id":9,"date":"2015-12-15T07:37:33","date_gmt":"2015-12-15T07:37:33","guid":{"rendered":"http:\/\/consulting.stylemixthemes.com\/?page_id=9"},"modified":"2021-02-08T14:11:47","modified_gmt":"2021-02-08T14:11:47","slug":"company-overview","status":"publish","type":"page","link":"https:\/\/rlavconsulting.ch\/?page_id=9","title":{"rendered":"Company overview"},"content":{"rendered":"<p>[vc_row css=&#8221;.vc_custom_1451991003825{margin-bottom: 100px !important;}&#8221;][vc_column offset=&#8221;vc_col-lg-9 vc_col-md-9&#8243;][vc_column_text css=&#8221;.vc_custom_1610912011929{margin-top: 40px !important;}&#8221;]<\/p>\n<h3>\u00dcBER UNS<\/h3>\n<p>RLA V\u00f6geli Consulting ist ein schweizer Unternehmen.<\/p>\n<p id=\"tw-target-text\" class=\"tw-data-text tw-text-large XcVN5d tw-ta\" dir=\"ltr\" data-placeholder=\"\u00dcbersetzung\"><span lang=\"de\">Die L\u00f6sung steht im Fokus. Das ist die Philosophie nach der sich das Unternehmen richtet. Wir nehmen uns die Zeit um die Bed\u00fcrfnisse unserer Kunden genau zu vestehen und zu analysieren. Jedes Anliegen hat seine eigenen Aufgabenstellung, welches wird zielorientiert umsetzen. Sovielseitig die Welt ist so sind auch die Consulting Anfragen unserer Kunden. Mit unserem grossen Netzwerk k\u00f6nnen wir jegliche Bed\u00fcrfnisse abdecken.<br \/>\n<\/span><\/p>\n<p dir=\"ltr\" data-placeholder=\"\u00dcbersetzung\">Wir freuen uns auf Ihre Anfragen.<\/p>\n<p>[\/vc_column_text][\/vc_column][vc_column width=&#8221;1\/4&#8243; offset=&#8221;vc_hidden-sm vc_hidden-xs&#8221;][\/vc_column][\/vc_row][vc_row full_width=&#8221;stretch_row&#8221; el_class=&#8221;third_bg_color&#8221; css=&#8221;.vc_custom_1451889219674{margin-bottom: -60px !important;}&#8221;][vc_column][vc_cta h2=&#8221;Suchen Sie eine Beratung? Dann konaktieren Sie uns.&#8221; h2_font_container=&#8221;font_size:20px|color:%23000000|line_height:24px&#8221; h2_use_theme_fonts=&#8221;yes&#8221; shape=&#8221;square&#8221; style=&#8221;flat&#8221; add_button=&#8221;right&#8221; btn_title=&#8221;Konakt&#8221; btn_style=&#8221;flat&#8221; btn_color=&#8221;theme_style_2&#8243; btn_align=&#8221;right&#8221; btn_i_align=&#8221;right&#8221; btn_i_icon_fontawesome=&#8221;stm-glob-pdf&#8221; use_custom_fonts_h2=&#8221;true&#8221; btn_button_block=&#8221;true&#8221; btn_add_icon=&#8221;true&#8221; el_class=&#8221;third_bg_color&#8221; css=&#8221;.vc_custom_1612793503379{margin-bottom: 0px !important;}&#8221; btn_link=&#8221;url:mailto%3Ainfo%40rlavconsulting.ch|||&#8221;][\/vc_cta][\/vc_column][\/vc_row]<\/p>\n","protected":false},"excerpt":{"rendered":"<p>[vc_row css=&#8221;.vc_custom_1451991003825{margin-bottom: 100px !important;}&#8221;][vc_column offset=&#8221;vc_col-lg-9 vc_col-md-9&#8243;][vc_column_text css=&#8221;.vc_custom_1610912011929{margin-top: 40px !important;}&#8221;] \u00dcBER UNS RLA V\u00f6geli Consulting ist ein schweizer Unternehmen. Die L\u00f6sung steht im Fokus. Das ist die Philosophie nach der sich das Unternehmen richtet. Wir nehmen uns die Zeit um die Bed\u00fcrfnisse unserer Kunden genau zu vestehen und zu analysieren. Jedes Anliegen hat seine eigenen Aufgabenstellung,<\/p>\n","protected":false},"author":1,"featured_media":0,"parent":0,"menu_order":0,"comment_status":"closed","ping_status":"closed","template":"","meta":{"footnotes":""},"_links":{"self":[{"href":"https:\/\/rlavconsulting.ch\/index.php?rest_route=\/wp\/v2\/pages\/9"}],"collection":[{"href":"https:\/\/rlavconsulting.ch\/index.php?rest_route=\/wp\/v2\/pages"}],"about":[{"href":"https:\/\/rlavconsulting.ch\/index.php?rest_route=\/wp\/v2\/types\/page"}],"author":[{"embeddable":true,"href":"https:\/\/rlavconsulting.ch\/index.php?rest_route=\/wp\/v2\/users\/1"}],"replies":[{"embeddable":true,"href":"https:\/\/rlavconsulting.ch\/index.php?rest_route=%2Fwp%2Fv2%2Fcomments&post=9"}],"version-history":[{"count":11,"href":"https:\/\/rlavconsulting.ch\/index.php?rest_route=\/wp\/v2\/pages\/9\/revisions"}],"predecessor-version":[{"id":6882,"href":"https:\/\/rlavconsulting.ch\/index.php?rest_route=\/wp\/v2\/pages\/9\/revisions\/6882"}],"wp:attachment":[{"href":"https:\/\/rlavconsulting.ch\/index.php?rest_route=%2Fwp%2Fv2%2Fmedia&parent=9"}],"curies":[{"name":"wp","href":"https:\/\/api.w.org\/{rel}","templated":true}]}}