{"id":1071,"date":"2015-12-14T07:14:55","date_gmt":"2015-12-14T07:14:55","guid":{"rendered":"http:\/\/consulting.stylemixthemes.com\/?page_id=2"},"modified":"2021-02-08T13:22:49","modified_gmt":"2021-02-08T13:22:49","slug":"sample-page-2","status":"publish","type":"page","link":"https:\/\/rlavconsulting.ch\/","title":{"rendered":"home"},"content":{"rendered":"<p>[vc_row css=&#8221;.vc_custom_1460958899385{margin-bottom: 56px !important;}&#8221;][vc_column offset=&#8221;vc_hidden-xs&#8221;][rev_slider_vc alias=&#8221;main_slider&#8221;][\/vc_column][\/vc_row][vc_row css=&#8221;.vc_custom_1460959826501{margin-bottom: 58px !important;}&#8221;][vc_column css=&#8221;.vc_custom_1612790565813{padding-top: 150px !important;padding-bottom: 120px !important;}&#8221;][vc_custom_heading text=&#8221;DIENSTLEISTUNGEN&#8221; font_container=&#8221;tag:h2|text_align:center&#8221; use_theme_fonts=&#8221;yes&#8221; css=&#8221;.vc_custom_1612790495815{margin-bottom: 60px !important;}&#8221;][vc_row_inner][vc_column_inner width=&#8221;1\/3&#8243;][stm_icon_box icon=&#8221;stm-building6&#8243; style=&#8221;icon_left&#8221; icon_size=&#8221;32&#8243; icon_width=&#8221;84&#8243; title=&#8221;Immobilien&#8221;]<\/p>\n<ul>\n<li>Verkaufen<\/li>\n<li>Kaufen<\/li>\n<li>Hypothek<\/li>\n<\/ul>\n<p>[\/stm_icon_box][\/vc_column_inner][vc_column_inner width=&#8221;1\/3&#8243;][stm_icon_box icon=&#8221;stm-line-graph6&#8243; style=&#8221;icon_left&#8221; icon_size=&#8221;32&#8243; icon_width=&#8221;84&#8243; title=&#8221;Finanzberatung&#8221;]<\/p>\n<ul>\n<li>Beratung<\/li>\n<li>Projektfinanzierung<\/li>\n<\/ul>\n<p>[\/stm_icon_box][\/vc_column_inner][vc_column_inner width=&#8221;1\/3&#8243;][stm_icon_box icon=&#8221;stm-person-globe&#8221; style=&#8221;icon_left&#8221; icon_size=&#8221;32&#8243; icon_width=&#8221;84&#8243; title=&#8221;Charity&#8221;]Wir Sammeln Sachg\u00fcter f\u00fcr wohlt\u00e4tige Zwecke.[\/stm_icon_box][\/vc_column_inner][\/vc_row_inner][\/vc_column][\/vc_row][vc_row full_width=&#8221;stretch_row&#8221; css=&#8221;.vc_custom_1462009390863{margin-bottom: 0px !important;padding-top: 35px !important;padding-bottom: 46px !important;background-image: url(https:\/\/rlavconsulting.ch\/wp-content\/uploads\/2015\/12\/placeholder.gif?id=1356) !important;background-position: center !important;background-repeat: no-repeat !important;background-size: cover !important;}&#8221; el_class=&#8221;white-overlay_1 fixed_bg&#8221;][vc_column][vc_custom_heading stripe_pos=&#8221;hide&#8221; text=&#8221;<mark>Zusammen definieren wir Ihr Ziel<\/mark><br \/>\nund erreichen es zusammen&#8221; font_container=&#8221;tag:h5|font_size:28px|text_align:center|line_height:34px&#8221; use_theme_fonts=&#8221;yes&#8221; stripe_hide=&#8221;yes&#8221;][\/vc_column][\/vc_row][vc_row full_width=&#8221;stretch_row&#8221; css=&#8221;.vc_custom_1460961720925{padding-top: 61px !important;padding-bottom: 80px !important;background-image: url(https:\/\/rlavconsulting.ch\/wp-content\/uploads\/2015\/12\/placeholder.gif?id=1223) !important;background-position: center !important;background-repeat: no-repeat !important;background-size: cover !important;}&#8221; el_class=&#8221;overlay_2&#8243;][vc_column][vc_custom_heading text=&#8221;Wieso Kunden uns w\u00e4hlen&#8221; font_container=&#8221;tag:h2|text_align:center|color:%23ffffff&#8221; use_theme_fonts=&#8221;yes&#8221; css=&#8221;.vc_custom_1610917654171{margin-bottom: 40px !important;}&#8221;][vc_row_inner disable_element=&#8221;yes&#8221;][vc_column_inner width=&#8221;1\/3&#8243;][stm_info_box align_center=&#8221;yes&#8221; style=&#8221;style_2&#8243; icon=&#8221;fa fa-chevron-right&#8221; title=&#8221;Raw Spreads&#8221; link=&#8221;url:%23||&#8221; css=&#8221;.vc_custom_1460961764428{margin-bottom: 0px !important;padding-top: 10px !important;padding-right: 50px !important;padding-bottom: 32px !important;padding-left: 50px !important;}&#8221;]<span style=\"font-size: 13px; line-height: 18px;\">Receive premium pricing from Top Tier financial institutions. Pricing from Top Tier financial institutions.<\/span>[\/stm_info_box][stm_spacing xs_spacing=&#8221;30px&#8221;][\/vc_column_inner][vc_column_inner width=&#8221;1\/3&#8243;][stm_info_box align_center=&#8221;yes&#8221; style=&#8221;style_2&#8243; title=&#8221;No Dealing Desk&#8221; link=&#8221;url:%23||&#8221; css=&#8221;.vc_custom_1607163841188{margin-bottom: 0px !important;padding-top: 10px !important;padding-right: 50px !important;padding-bottom: 32px !important;padding-left: 50px !important;}&#8221;][\/stm_info_box][stm_spacing xs_spacing=&#8221;30px&#8221;][\/vc_column_inner][vc_column_inner width=&#8221;1\/3&#8243;][stm_info_box align_center=&#8221;yes&#8221; style=&#8221;style_2&#8243; icon=&#8221;fa fa-chevron-right&#8221; title=&#8221;State of the Art&#8221; link=&#8221;url:%23||&#8221; css=&#8221;.vc_custom_1460961699867{margin-bottom: 0px !important;padding-top: 10px !important;padding-right: 50px !important;padding-bottom: 32px !important;padding-left: 50px !important;}&#8221;]<span style=\"font-size: 13px; line-height: 18px;\">Trade Forex and CFDs with the world\u2019s best trading platforms on your desktop or mobile device.<\/span>[\/stm_info_box][\/vc_column_inner][\/vc_row_inner][vc_row_inner][vc_column_inner width=&#8221;1\/3&#8243;][stm_info_box align_center=&#8221;yes&#8221; style=&#8221;style_2&#8243; title=&#8221;Zielbewusst&#8221; link=&#8221;|||&#8221; css=&#8221;.vc_custom_1610918122036{margin-bottom: 0px !important;padding-top: 10px !important;padding-right: 50px !important;padding-bottom: 32px !important;padding-left: 50px !important;}&#8221;][\/stm_info_box][stm_spacing xs_spacing=&#8221;30px&#8221;][\/vc_column_inner][vc_column_inner width=&#8221;1\/3&#8243;][stm_info_box align_center=&#8221;yes&#8221; style=&#8221;style_2&#8243; title=&#8221;Beharrlich&#8221; link=&#8221;|||&#8221; css=&#8221;.vc_custom_1610918052231{margin-bottom: 0px !important;padding-top: 10px !important;padding-right: 50px !important;padding-bottom: 32px !important;padding-left: 50px !important;}&#8221;][\/stm_info_box][stm_spacing xs_spacing=&#8221;30px&#8221;][\/vc_column_inner][vc_column_inner width=&#8221;1\/3&#8243;][stm_info_box align_center=&#8221;yes&#8221; style=&#8221;style_2&#8243; title=&#8221;Freundlich&#8221; link=&#8221;|||&#8221; css=&#8221;.vc_custom_1610917722169{margin-bottom: 0px !important;padding-top: 10px !important;padding-right: 50px !important;padding-bottom: 32px !important;padding-left: 50px !important;}&#8221;][\/stm_info_box][stm_spacing xs_spacing=&#8221;30px&#8221;][\/vc_column_inner][\/vc_row_inner][\/vc_column][\/vc_row][vc_row full_width=&#8221;stretch_row_content_no_spaces&#8221; disable_element=&#8221;yes&#8221;][vc_column][stm_testimonials count=&#8221;3&#8243; style=&#8221;style_3&#8243; category=&#8221;background&#8221; loop=&#8221;yes&#8221;][\/vc_column][\/vc_row][vc_row disable_element=&#8221;yes&#8221; css=&#8221;.vc_custom_1607164454649{padding-top: 38px !important;padding-bottom: 38px !important;}&#8221;][vc_column][stm_image_carousel grayscale=&#8221;yes&#8221; img_size=&#8221;180&#215;96&#8243; images=&#8221;1374,1373,1372,1371,1370,1369&#8243; link=&#8221;url:%2Flayout-6%2Fcompany-overview%2Four-partners%2F||&#8221;][\/vc_column][\/vc_row]<\/p>\n","protected":false},"excerpt":{"rendered":"<p>[vc_row css=&#8221;.vc_custom_1460958899385{margin-bottom: 56px !important;}&#8221;][vc_column offset=&#8221;vc_hidden-xs&#8221;][rev_slider_vc alias=&#8221;main_slider&#8221;][\/vc_column][\/vc_row][vc_row css=&#8221;.vc_custom_1460959826501{margin-bottom: 58px !important;}&#8221;][vc_column css=&#8221;.vc_custom_1612790565813{padding-top: 150px !important;padding-bottom: 120px !important;}&#8221;][vc_custom_heading text=&#8221;DIENSTLEISTUNGEN&#8221; font_container=&#8221;tag:h2|text_align:center&#8221; use_theme_fonts=&#8221;yes&#8221; css=&#8221;.vc_custom_1612790495815{margin-bottom: 60px !important;}&#8221;][vc_row_inner][vc_column_inner width=&#8221;1\/3&#8243;][stm_icon_box icon=&#8221;stm-building6&#8243; style=&#8221;icon_left&#8221; icon_size=&#8221;32&#8243; icon_width=&#8221;84&#8243; title=&#8221;Immobilien&#8221;] Verkaufen Kaufen Hypothek [\/stm_icon_box][\/vc_column_inner][vc_column_inner width=&#8221;1\/3&#8243;][stm_icon_box icon=&#8221;stm-line-graph6&#8243; style=&#8221;icon_left&#8221; icon_size=&#8221;32&#8243; icon_width=&#8221;84&#8243; title=&#8221;Finanzberatung&#8221;] Beratung Projektfinanzierung [\/stm_icon_box][\/vc_column_inner][vc_column_inner width=&#8221;1\/3&#8243;][stm_icon_box icon=&#8221;stm-person-globe&#8221; style=&#8221;icon_left&#8221; icon_size=&#8221;32&#8243; icon_width=&#8221;84&#8243; title=&#8221;Charity&#8221;]Wir Sammeln Sachg\u00fcter f\u00fcr wohlt\u00e4tige Zwecke.[\/stm_icon_box][\/vc_column_inner][\/vc_row_inner][\/vc_column][\/vc_row][vc_row full_width=&#8221;stretch_row&#8221; css=&#8221;.vc_custom_1462009390863{margin-bottom: 0px !important;padding-top: 35px<\/p>\n","protected":false},"author":1,"featured_media":0,"parent":0,"menu_order":0,"comment_status":"closed","ping_status":"closed","template":"","meta":{"footnotes":""},"_links":{"self":[{"href":"https:\/\/rlavconsulting.ch\/index.php?rest_route=\/wp\/v2\/pages\/1071"}],"collection":[{"href":"https:\/\/rlavconsulting.ch\/index.php?rest_route=\/wp\/v2\/pages"}],"about":[{"href":"https:\/\/rlavconsulting.ch\/index.php?rest_route=\/wp\/v2\/types\/page"}],"author":[{"embeddable":true,"href":"https:\/\/rlavconsulting.ch\/index.php?rest_route=\/wp\/v2\/users\/1"}],"replies":[{"embeddable":true,"href":"https:\/\/rlavconsulting.ch\/index.php?rest_route=%2Fwp%2Fv2%2Fcomments&post=1071"}],"version-history":[{"count":25,"href":"https:\/\/rlavconsulting.ch\/index.php?rest_route=\/wp\/v2\/pages\/1071\/revisions"}],"predecessor-version":[{"id":6873,"href":"https:\/\/rlavconsulting.ch\/index.php?rest_route=\/wp\/v2\/pages\/1071\/revisions\/6873"}],"wp:attachment":[{"href":"https:\/\/rlavconsulting.ch\/index.php?rest_route=%2Fwp%2Fv2%2Fmedia&parent=1071"}],"curies":[{"name":"wp","href":"https:\/\/api.w.org\/{rel}","templated":true}]}}